{"id":856,"date":"2025-09-01T17:51:28","date_gmt":"2025-09-01T15:51:28","guid":{"rendered":"https:\/\/stiftung-umverteilen.studioadhoc.de\/?page_id=856"},"modified":"2026-04-10T19:14:57","modified_gmt":"2026-04-10T17:14:57","slug":"was-du-tun-kannst","status":"publish","type":"page","link":"https:\/\/umverteilen.cwdevserver.de\/pt\/was-du-tun-kannst\/","title":{"rendered":"Was du tun kannst"},"content":{"rendered":"<p>Auf oberster Ebene gibt es hier bisher keinen Text.<\/p>\n<p>Man k\u00f6nnte etwas allgemeines zur Idee des \u201eUmverteilens\u201c schreiben. Sei es finanziell (Zustiften, Spenden) oder sich aktiv einsetzen und mitmachen.<\/p>\n\n\n<div data-wp-context=\"{ &quot;autoclose&quot;: true, &quot;accordionItems&quot;: [] }\" data-wp-interactive=\"core\/accordion\" role=\"group\" class=\"wp-block-accordion is-layout-flow wp-block-accordion-is-layout-flow\">\n<div data-wp-class--is-open=\"state.isOpen\" data-wp-context=\"{ &quot;id&quot;: &quot;accordion-item-1&quot;, &quot;openByDefault&quot;: false }\" data-wp-init=\"callbacks.initAccordionItems\" data-wp-on-window--hashchange=\"callbacks.hashChange\" class=\"wp-block-accordion-item is-layout-flow wp-block-accordion-item-is-layout-flow\">\n<h3 id=\"zustiften\" class=\"wp-block-accordion-heading has-palette-color-6-background-color has-background\"><button aria-expanded=\"false\" aria-controls=\"accordion-item-1-panel\" data-wp-bind--aria-expanded=\"state.isOpen\" data-wp-on--click=\"actions.toggle\" data-wp-on--keydown=\"actions.handleKeyDown\" id=\"accordion-item-1\" type=\"button\" class=\"wp-block-accordion-heading__toggle\"><span class=\"wp-block-accordion-heading__toggle-icon\" aria-hidden=\"true\">+<\/span><span class=\"wp-block-accordion-heading__toggle-title\">Zustiften<\/span><\/button><\/h3>\n\n\n\n<div inert aria-labelledby=\"accordion-item-1\" data-wp-bind--inert=\"!state.isOpen\" id=\"accordion-item-1-panel\" role=\"region\" class=\"wp-block-accordion-panel is-layout-flow wp-block-accordion-panel-is-layout-flow\">\n<p>Zustiften Text<\/p>\n<\/div>\n<\/div>\n\n\n\n<div data-wp-class--is-open=\"state.isOpen\" data-wp-context=\"{ &quot;id&quot;: &quot;accordion-item-2&quot;, &quot;openByDefault&quot;: false }\" data-wp-init=\"callbacks.initAccordionItems\" data-wp-on-window--hashchange=\"callbacks.hashChange\" class=\"wp-block-accordion-item is-layout-flow wp-block-accordion-item-is-layout-flow\">\n<h3 id=\"mitmachen\" class=\"wp-block-accordion-heading has-palette-color-6-background-color has-background\"><button aria-expanded=\"false\" aria-controls=\"accordion-item-2-panel\" data-wp-bind--aria-expanded=\"state.isOpen\" data-wp-on--click=\"actions.toggle\" data-wp-on--keydown=\"actions.handleKeyDown\" id=\"accordion-item-2\" type=\"button\" class=\"wp-block-accordion-heading__toggle\"><span class=\"wp-block-accordion-heading__toggle-icon\" aria-hidden=\"true\">+<\/span><span class=\"wp-block-accordion-heading__toggle-title\">Mitmachen<\/span><\/button><\/h3>\n\n\n\n<div inert aria-labelledby=\"accordion-item-2\" data-wp-bind--inert=\"!state.isOpen\" id=\"accordion-item-2-panel\" role=\"region\" class=\"wp-block-accordion-panel is-layout-flow wp-block-accordion-panel-is-layout-flow\">\n<p>Du hast Kenntnisse zu bestimmten L\u00e4ndern, Regionen und Themen und bist bereit f\u00fcr eine langfristig angedachte Mitarbeit in einer unserer Arbeitsgruppen? In unseren sechs Arbeitsgruppen wird \u00fcber die Mittelvergabe an Projekte entschieden. Bei regelm\u00e4\u00dfigen Sitzungen werden die Antr\u00e4ge gesichtet, diskutiert und \u00fcber die F\u00f6rdersummen entschieden. Hier findet das eigentliche \u201eUmverteilen\u201c statt. Wenn du Teil davon sein m\u00f6chtest und regelm\u00e4\u00dfig an Vergabesitzungen teilnehmen kannst, au\u00dferdem ein Gesp\u00fcr f\u00fcr zivilgesellschaftliche Prozesse im Globalen S\u00fcden oder die \u201eEine-Welt-Szene\u201c in Deutschland hast, vielleicht sogar eigene Kontakte und ein Netzwerk hast, k\u00f6nntest du dich gut einbringen.<\/p>\n<p>Nicht alle Arbeitsgruppen suchen gerade neue Mitstreiter:innen.<\/p>\n<\/div>\n<\/div>\n\n\n\n<div data-wp-class--is-open=\"state.isOpen\" data-wp-context=\"{ &quot;id&quot;: &quot;accordion-item-3&quot;, &quot;openByDefault&quot;: false }\" data-wp-init=\"callbacks.initAccordionItems\" data-wp-on-window--hashchange=\"callbacks.hashChange\" class=\"wp-block-accordion-item is-layout-flow wp-block-accordion-item-is-layout-flow\">\n<h3 id=\"spenden\" class=\"wp-block-accordion-heading has-palette-color-6-background-color has-background\"><button aria-expanded=\"false\" aria-controls=\"accordion-item-3-panel\" data-wp-bind--aria-expanded=\"state.isOpen\" data-wp-on--click=\"actions.toggle\" data-wp-on--keydown=\"actions.handleKeyDown\" id=\"accordion-item-3\" type=\"button\" class=\"wp-block-accordion-heading__toggle\"><span class=\"wp-block-accordion-heading__toggle-icon\" aria-hidden=\"true\">+<\/span><span class=\"wp-block-accordion-heading__toggle-title\">Spenden<\/span><\/button><\/h3>\n\n\n\n<div inert aria-labelledby=\"accordion-item-3\" data-wp-bind--inert=\"!state.isOpen\" id=\"accordion-item-3-panel\" role=\"region\" class=\"wp-block-accordion-panel is-layout-flow wp-block-accordion-panel-is-layout-flow\">\n<p>Spendentext<\/p>\n<\/div>\n<\/div>\n<\/div>","protected":false},"excerpt":{"rendered":"<p>Auf oberster Ebene gibt es hier bisher keinen Text. Man k\u00f6nnte etwas allgemeines zur Idee des \u201eUmverteilens\u201c schreiben. Sei es finanziell (Zustiften, Spenden) oder sich aktiv einsetzen und mitmachen.<\/p>","protected":false},"author":3,"featured_media":0,"parent":0,"menu_order":12,"comment_status":"closed","ping_status":"closed","template":"","meta":{"_acf_changed":false,"_eb_attr":"","footnotes":""},"class_list":["post-856","page","type-page","status-publish","hentry"],"blocksy_meta":{"has_hero_section":"default","vertical_spacing_source":"inherit","content_area_spacing":"top","styles_descriptor":{"styles":{"desktop":"","tablet":"","mobile":""},"google_fonts":[],"version":6}},"acf":[],"_links":{"self":[{"href":"https:\/\/umverteilen.cwdevserver.de\/pt\/wp-json\/wp\/v2\/pages\/856","targetHints":{"allow":["GET"]}}],"collection":[{"href":"https:\/\/umverteilen.cwdevserver.de\/pt\/wp-json\/wp\/v2\/pages"}],"about":[{"href":"https:\/\/umverteilen.cwdevserver.de\/pt\/wp-json\/wp\/v2\/types\/page"}],"author":[{"embeddable":true,"href":"https:\/\/umverteilen.cwdevserver.de\/pt\/wp-json\/wp\/v2\/users\/3"}],"replies":[{"embeddable":true,"href":"https:\/\/umverteilen.cwdevserver.de\/pt\/wp-json\/wp\/v2\/comments?post=856"}],"version-history":[{"count":12,"href":"https:\/\/umverteilen.cwdevserver.de\/pt\/wp-json\/wp\/v2\/pages\/856\/revisions"}],"predecessor-version":[{"id":4036,"href":"https:\/\/umverteilen.cwdevserver.de\/pt\/wp-json\/wp\/v2\/pages\/856\/revisions\/4036"}],"wp:attachment":[{"href":"https:\/\/umverteilen.cwdevserver.de\/pt\/wp-json\/wp\/v2\/media?parent=856"}],"curies":[{"name":"wp","href":"https:\/\/api.w.org\/{rel}","templated":true}]}}