{"id":692,"date":"2022-03-18T14:11:45","date_gmt":"2022-03-18T14:11:45","guid":{"rendered":"https:\/\/startersites.io\/stagingsix\/?page_id=692"},"modified":"2026-04-10T19:14:58","modified_gmt":"2026-04-10T17:14:58","slug":"was-wir-foerdern","status":"publish","type":"page","link":"https:\/\/umverteilen.cwdevserver.de\/pt\/was-wir-foerdern\/","title":{"rendered":"Was wir f\u00f6rdern"},"content":{"rendered":"<div class=\"wp-block-essential-blocks-text  root-eb-text-pvolf\"><div class=\"eb-parent-wrapper eb-parent-eb-text-pvolf\"><div class=\"eb-text-wrapper eb-text-pvolf\" data-id=\"eb-text-pvolf\"><h4 class=\"eb-text\">Umverteilen! Stiftung f\u00fcr eine, solidarische Welt f\u00f6rdert entsprechend zum Stiftungszweck in folgenden Bereichen:<\/h4><\/div><\/div><\/div>\n\n\n\n<ul style=\"padding-right:var(--wp--preset--spacing--60);padding-left:var(--wp--preset--spacing--60)\" class=\"wp-block-list has-palette-color-7-background-color has-background\">\n<li>die F\u00f6rderung internationaler Gesinnung, der Toleranz auf allen Gebieten der Kultur und des V\u00f6lkerverst\u00e4ndigungsgedankens<\/li>\n\n\n\n<li>die F\u00f6rderung der Entwicklungshilfe<\/li>\n\n\n\n<li>die F\u00f6rderung der Jugendhilfe<br>&#8211; insbesondere im Zusammenhang mit den Zwecken zu a. und b<\/li>\n\n\n\n<li>die F\u00f6rderung der Erziehung, Volks- und Berufsbildung<br>&#8211; insbesondere im Zusammenhang mit den Zwecken zu a. und b,<br>die F\u00f6rderung des Umweltschutzes<\/li>\n\n\n\n<li>die F\u00f6rderung von Wissenschaft und Forschung<br>&#8211;  insbesondere im Zusammenhang mit a. bis e.<\/li>\n<\/ul>\n\n\n\n<div class=\"wp-block-essential-blocks-text  root-eb-text-bmely\"><div class=\"eb-parent-wrapper eb-parent-eb-text-bmely\"><div class=\"eb-text-wrapper eb-text-bmely\" data-id=\"eb-text-bmely\"><p class=\"eb-text\">Wir f\u00f6rdern in der Regel Projekte auf Antrag. Antragsteller k\u00f6nnen Vereine, Kollektive, Aktionsgruppen, Initiativen B\u00fcndnisse und auch Stiftungen im In- und Ausland sein.<br><br><strong>Eine F\u00f6rderung ist m\u00f6glich als:<\/strong><\/p><\/div><\/div><\/div>\n\n\n\n<ul style=\"padding-right:var(--wp--preset--spacing--60);padding-left:var(--wp--preset--spacing--60)\" class=\"wp-block-list has-palette-color-7-background-color has-background\">\n<li>Zuschuss f\u00fcr ein beantragtes Projekt<\/li>\n\n\n\n<li>projektgebundene Spende an einen als gemeinn\u00fctzig anerkannten Verein gegen eine abzugsf\u00e4hige Spendenbescheinigung<\/li>\n<\/ul>\n\n\n\n<div data-wp-context=\"{ &quot;autoclose&quot;: true, &quot;accordionItems&quot;: [] }\" data-wp-interactive=\"core\/accordion\" role=\"group\" class=\"wp-block-accordion is-layout-flow wp-block-accordion-is-layout-flow\">\n<div data-wp-class--is-open=\"state.isOpen\" data-wp-context=\"{ &quot;id&quot;: &quot;accordion-item-1&quot;, &quot;openByDefault&quot;: false }\" data-wp-init=\"callbacks.initAccordionItems\" data-wp-on-window--hashchange=\"callbacks.hashChange\" class=\"wp-block-accordion-item is-layout-flow wp-container-core-accordion-item-is-layout-8a368f38 wp-block-accordion-item-is-layout-flow\">\n<h3 id=\"antragstellen\" class=\"wp-block-accordion-heading has-palette-color-4-color has-palette-color-6-background-color has-text-color has-background has-link-color wp-elements-dc9a0c770a4a1b2437f005b57d1be765\"><button aria-expanded=\"false\" aria-controls=\"accordion-item-1-panel\" data-wp-bind--aria-expanded=\"state.isOpen\" data-wp-on--click=\"actions.toggle\" data-wp-on--keydown=\"actions.handleKeyDown\" id=\"accordion-item-1\" type=\"button\" class=\"wp-block-accordion-heading__toggle\" style=\"padding-top:var(--wp--preset--spacing--40);padding-right:var(--wp--preset--spacing--40);padding-bottom:var(--wp--preset--spacing--40);padding-left:var(--wp--preset--spacing--40)\"><span class=\"wp-block-accordion-heading__toggle-icon\" aria-hidden=\"true\">+<\/span><span class=\"wp-block-accordion-heading__toggle-title\">Antragstellung<\/span><\/button><\/h3>\n\n\n\n<div inert aria-labelledby=\"accordion-item-1\" data-wp-bind--inert=\"!state.isOpen\" id=\"accordion-item-1-panel\" role=\"region\" class=\"wp-block-accordion-panel is-layout-flow wp-block-accordion-panel-is-layout-flow\" style=\"border-top-style:none;border-top-width:0px;border-right-style:none;border-right-width:0px;border-bottom-color:var(--wp--preset--color--palette-color-1);border-bottom-width:1px;border-left-style:none;border-left-width:0px;padding-top:var(--wp--preset--spacing--50);padding-right:0;padding-bottom:var(--wp--preset--spacing--50);padding-left:0\">\n<div class=\"wp-block-essential-blocks-text  root-eb-text-gfovo\"><div class=\"eb-parent-wrapper eb-parent-eb-text-gfovo\"><div class=\"eb-text-wrapper eb-text-gfovo\" data-id=\"eb-text-gfovo\"><p class=\"eb-text\"><strong>Zur Umsetzung unserer F\u00f6rdert\u00e4tigkeit arbeiten wir in derzeit sechs Arbeitsgruppen:<\/strong><\/p><\/div><\/div><\/div>\n\n\n\n<div class=\"wp-block-columns is-layout-flex wp-container-core-columns-is-layout-28f84493 wp-block-columns-is-layout-flex\">\n<div class=\"wp-block-column is-layout-flow wp-block-column-is-layout-flow\" style=\"flex-basis:16.67%\">\n<div class=\"wp-block-essential-blocks-button ag-button  root-eb-button-naihk\"><div class=\"eb-parent-wrapper eb-parent-eb-button-naihk\"><div class=\"eb-button-wrapper eb-button-alignment eb-button-naihk\"><div class=\"eb-button\"><div class=\"eb-button-inner-wrapper\"><a class=\"eb-button-anchor\" href=\"https:\/\/umverteilen.cwdevserver.de\/ag-afrika\/\" rel=\"noopener\">AG Afrika<\/a><\/div><\/div><\/div><\/div><\/div>\n<\/div>\n\n\n\n<div class=\"wp-block-column is-layout-flow wp-block-column-is-layout-flow\" style=\"flex-basis:16.67%\">\n<div class=\"wp-block-essential-blocks-button ag-button  root-eb-button-29yow\"><div class=\"eb-parent-wrapper eb-parent-eb-button-29yow\"><div class=\"eb-button-wrapper eb-button-alignment eb-button-29yow\"><div class=\"eb-button\"><div class=\"eb-button-inner-wrapper\"><a class=\"eb-button-anchor\" href=\"https:\/\/umverteilen.cwdevserver.de\/ag-asien\/\" rel=\"noopener\">AG Asien<\/a><\/div><\/div><\/div><\/div><\/div>\n<\/div>\n\n\n\n<div class=\"wp-block-column is-layout-flow wp-block-column-is-layout-flow\" style=\"flex-basis:16.67%\">\n<div class=\"wp-block-essential-blocks-button ag-button  root-eb-button-w5hb6\"><div class=\"eb-parent-wrapper eb-parent-eb-button-w5hb6\"><div class=\"eb-button-wrapper eb-button-alignment eb-button-w5hb6\"><div class=\"eb-button\"><div class=\"eb-button-inner-wrapper\"><a class=\"eb-button-anchor\" href=\"https:\/\/umverteilen.cwdevserver.de\/ag-lateinamerika\/\" rel=\"noopener\">AG Lateinamerika<\/a><\/div><\/div><\/div><\/div><\/div>\n<\/div>\n\n\n\n<div class=\"wp-block-column is-layout-flow wp-block-column-is-layout-flow\" style=\"flex-basis:16.67%\">\n<div class=\"wp-block-essential-blocks-button ag-button  root-eb-button-uwyqj\"><div class=\"eb-parent-wrapper eb-parent-eb-button-uwyqj\"><div class=\"eb-button-wrapper eb-button-alignment eb-button-uwyqj\"><div class=\"eb-button\"><div class=\"eb-button-inner-wrapper\"><a class=\"eb-button-anchor\" href=\"https:\/\/umverteilen.cwdevserver.de\/ag-eine-welt-hier\/\" rel=\"noopener\">AG eine Welt &#8211; Hier!<\/a><\/div><\/div><\/div><\/div><\/div>\n<\/div>\n\n\n\n<div class=\"wp-block-column is-layout-flow wp-block-column-is-layout-flow\" style=\"flex-basis:16.67%\">\n<div class=\"wp-block-essential-blocks-button ag-button  root-eb-button-j6swu\"><div class=\"eb-parent-wrapper eb-parent-eb-button-j6swu\"><div class=\"eb-button-wrapper eb-button-alignment eb-button-j6swu\"><div class=\"eb-button\"><div class=\"eb-button-inner-wrapper\"><a class=\"eb-button-anchor\" href=\"https:\/\/umverteilen.cwdevserver.de\/ag-frauen\/\" rel=\"noopener\">AG Frauen<\/a><\/div><\/div><\/div><\/div><\/div>\n<\/div>\n\n\n\n<div class=\"wp-block-column is-layout-flow wp-block-column-is-layout-flow\" style=\"flex-basis:16.67%\">\n<div class=\"wp-block-essential-blocks-button ag-button  root-eb-button-f9mdv\"><div class=\"eb-parent-wrapper eb-parent-eb-button-f9mdv\"><div class=\"eb-button-wrapper eb-button-alignment eb-button-f9mdv\"><div class=\"eb-button\"><div class=\"eb-button-inner-wrapper\"><a class=\"eb-button-anchor\" href=\"https:\/\/umverteilen.cwdevserver.de\/ag-klima\/\" rel=\"noopener\">AG Klima<\/a><\/div><\/div><\/div><\/div><\/div>\n<\/div>\n<\/div>\n\n\n\n<p class=\"ag-button\">Antr\u00e4ge auf F\u00f6rderung werden an die jeweilige Arbeitsgruppe gestellt. Die Arbeitsgruppen arbeiten autonom. Sie setzen sich eigene Schwerpunkte und entscheiden nach eigenen F\u00f6rderkriterien. Vor der Antragstellung ist es wichtig, sich die jeweiligen F\u00f6rderkriterien genau durchzulesen.<br>Es gibt auch \u00dcberschneidungen, insbesondere zwischen regionaler Zuordnung und den Themen der AG Frauen und der AG Klima. Der Antrag sollte zun\u00e4chst an die AG gestellt werden, wo das Projekt nach eigener Einsch\u00e4tzung am besten verortet ist. Nachtr\u00e4gliche Verschiebungen oder auch gemeinsame F\u00f6rderungen durch zwei oder mehrere AGs sind m\u00f6glich und ergeben sich im Laufe des Antragsprozesses.<br><br><strong>Grunds\u00e4tzlich gilt f\u00fcr alle Antr\u00e4ge:<\/strong><br>Wir f\u00f6rdern nur einzelne, in sich geschlossene Projekte, eine institutionelle Dauerf\u00f6rderung ist ebenso wenig m\u00f6glich wie die Gew\u00e4hrung von Einzelfallhilfen (Stipendien, individuelle Notlagen usw.).<br>Antr\u00e4ge k\u00f6nnen grunds\u00e4tzlich laufend gestellt werden. Wenn es Fristen gibt, werden sie auf der Seite der jeweiligen AG bekannt gegeben.<br>Die Art der Ausgaben, die gef\u00f6rdert wird, kann von AG zu AG leicht unterschiedlich sein. Informationen dazu finden sich bei der jeweiligen AG.<br>Es gibt keine festgelegten F\u00f6rders\u00e4tze, die AGs verteilen eher kleinere Summen um, selten mehr als 10.000 \u20ac f\u00fcr ein Projekt.<br>Antr\u00e4ge werden zentral auf digitalem Weg \u00fcber das B\u00fcro gestellt (<a href=\"mailto:stiftung@umverteilen.de\">stiftung@umverteilen.de<\/a>) und dort f\u00fcr die Sitzungen der jeweiligen AG vorbereitet.<br>F\u00fcr Fragen zur Antragstellung und Projektabrechnung ist im Stiftungsb\u00fcro Silvia Bodemer zust\u00e4ndig.<br><br><strong>Antr\u00e4ge m\u00fcssen grunds\u00e4tzlich folgende Informationen enthalten:<\/strong><br>Antragsteller:in: Projekttr\u00e4ger, Adresse, Mailadresse, Ansprechperson<br>Selbstdarstellung des Projekttr\u00e4gers (Art der Gruppe, des Vereins, Aktivit\u00e4ten, Zielsetzung etc.)<br>Projektbeschreibung (Ziele, Zielgruppen, Vorgehen, Zeitplan)<br>Kosten- und Finanzierungsplan (Einnahmen-Ausgaben-Rechnung), auf der Einnahmenseite mit Angaben \u00fcber Eigenleistungen, weitere beantragte Zusch\u00fcsse bei anderen F\u00f6rderinstitutionen, Einnahmen aus Eintrittsgeldern, Spenden o.\u00e4.<br>In der Regel ist ein formloser Antrag m\u00f6glich. Lediglich ein einseitiges Formular mit den wichtigsten Informationen zum Projekt ist bei allen AGs auszuf\u00fcllen (Formular Kurzinfo).<br><a href=\"https:\/\/umverteilen-dev.pkg-berlin.de\/was-wir-foerdern\/xyz.pdf\" target=\"_blank\" rel=\"noreferrer noopener\">Formular Kurzinfo AG Afrika<\/a><br><a href=\"https:\/\/umverteilen-dev.pkg-berlin.de\/was-wir-foerdern\/xyz.pdf\" target=\"_blank\" rel=\"noreferrer noopener\">Formular Kurzinfo AG Asien<\/a><br><a href=\"https:\/\/umverteilen-dev.pkg-berlin.de\/was-wir-foerdern\/xyz.pdf\" target=\"_blank\" rel=\"noreferrer noopener\">Formular Kurzinfo AG Lateinamerika<\/a><br><a href=\"https:\/\/umverteilen-dev.pkg-berlin.de\/was-wir-foerdern\/xyz.pdf\">Formular Kurzinfo AG eine Welt \u2013 Hier!<\/a><br><a href=\"https:\/\/umverteilen-dev.pkg-berlin.de\/was-wir-foerdern\/xyz.pdf\">Formular Kurzinfo AG Frauen<\/a><br><a href=\"https:\/\/umverteilen-dev.pkg-berlin.de\/was-wir-foerdern\/xyz.pdf\" target=\"_blank\" rel=\"noreferrer noopener\">Formular Kurzinfo AG Klima<\/a><br>Besonderheiten und ggfs. weitere Formulare finden sich bei der jeweiligen AG (derzeit nur bei der AG Frauen)<\/p>\n<\/div>\n<\/div>\n\n\n\n<div data-wp-class--is-open=\"state.isOpen\" data-wp-context=\"{ &quot;id&quot;: &quot;accordion-item-2&quot;, &quot;openByDefault&quot;: false }\" data-wp-init=\"callbacks.initAccordionItems\" data-wp-on-window--hashchange=\"callbacks.hashChange\" class=\"wp-block-accordion-item is-layout-flow wp-container-core-accordion-item-is-layout-8a368f38 wp-block-accordion-item-is-layout-flow\">\n<h3 id=\"ablauf-foerderung\" class=\"wp-block-accordion-heading has-black-color has-palette-color-6-background-color has-text-color has-background has-link-color wp-elements-5db561ec267935dc5c8733f63423156b\"><button aria-expanded=\"false\" aria-controls=\"accordion-item-2-panel\" data-wp-bind--aria-expanded=\"state.isOpen\" data-wp-on--click=\"actions.toggle\" data-wp-on--keydown=\"actions.handleKeyDown\" id=\"accordion-item-2\" type=\"button\" class=\"wp-block-accordion-heading__toggle\" style=\"padding-top:var(--wp--preset--spacing--40);padding-right:var(--wp--preset--spacing--40);padding-bottom:var(--wp--preset--spacing--40);padding-left:var(--wp--preset--spacing--40)\"><span class=\"wp-block-accordion-heading__toggle-icon\" aria-hidden=\"true\">+<\/span><span class=\"wp-block-accordion-heading__toggle-title\">Ablauf der F\u00f6rderung<\/span><\/button><\/h3>\n\n\n\n<div inert aria-labelledby=\"accordion-item-2\" data-wp-bind--inert=\"!state.isOpen\" id=\"accordion-item-2-panel\" role=\"region\" class=\"wp-block-accordion-panel is-layout-flow wp-block-accordion-panel-is-layout-flow\" style=\"border-top-style:none;border-top-width:0px;border-right-style:none;border-right-width:0px;border-bottom-color:var(--wp--preset--color--palette-color-1);border-bottom-width:1px;border-left-style:none;border-left-width:0px;padding-top:var(--wp--preset--spacing--50);padding-right:0;padding-bottom:var(--wp--preset--spacing--50);padding-left:0\">\n<p>Die Arbeitsgruppen treffen sich alle vier bis sechs Wochen. Es kann daher durchaus acht bis zehn Wochen dauern, bis eine Entscheidung gef\u00e4llt wird. In der Regel \u00fcbernimmt ein Mitglied der Arbeitsgruppe die Bearbeitung und wendet sich bei R\u00fcckfragen an die Antragsteller:innen.<br>Ein Projekt kann auf drei Arten gef\u00f6rdert werden:<br>\u00dcbernahme eines Fehlbetrages im Rahmen eines Gesamt-Kosten- und Finanzierungsplans<br>F\u00f6rderung bestimmter Kosten<br>Mit einer projektgebundenen Spende (nur gemeinn\u00fctzige eingetragene Vereine mit Sitz in Deutschland)<br>Die AGs entscheiden, welches jeweils die beste M\u00f6glichkeit zur Unterst\u00fctzung des Projekts darstellt, ggfs. in R\u00fccksprache mit dem Projekttr\u00e4ger.<br>Je nach Rechtsform\/Art der Gruppe muss ggfs. eine Kooperationsvereinbarung mit Umverteilen! abgeschlossen werden, damit die F\u00f6rderung rechtswirksam werden kann. Das trifft insbesondere zu, wenn die F\u00f6rderung im Ausland ausgezahlt wird oder wenn das Projekt nicht von einem gemeinn\u00fctzigen Verein getragen wird.<br>Bei Projekten, die im Globalen S\u00fcden durchgef\u00fchrt werden, erfolgt die Auszahlung in der Regel in zwei Raten. Die AGs k\u00f6nnen auch einer kompletten Vorfinanzierung zustimmen. Auf individuelle Bed\u00fcrfnisse wird R\u00fccksicht genommen. Besonderheiten zu den Auszahlungsmodalit\u00e4ten finden sich auf der Seite der jeweiligen AG.<br>Bei Projekttr\u00e4gern in Deutschland, insbesondere etablierten Vereinen\/Initiativen\/Gruppen, wird davon ausgegangen, dass die F\u00f6rderung nach Abschluss des Projekts abgerufen wird. Die Modalit\u00e4ten sind aber flexibel. Kein Projekt soll an mangelnden Mitteln scheitern, daher sind Vorsch\u00fcsse m\u00f6glich, wenn keine Vorfinanzierung m\u00f6glich ist.<\/p>\n<\/div>\n<\/div>\n\n\n\n<div data-wp-class--is-open=\"state.isOpen\" data-wp-context=\"{ &quot;id&quot;: &quot;accordion-item-3&quot;, &quot;openByDefault&quot;: false }\" data-wp-init=\"callbacks.initAccordionItems\" data-wp-on-window--hashchange=\"callbacks.hashChange\" class=\"wp-block-accordion-item is-layout-flow wp-container-core-accordion-item-is-layout-8a368f38 wp-block-accordion-item-is-layout-flow\">\n<h3 id=\"projektabrechnung\" class=\"wp-block-accordion-heading has-black-color has-palette-color-6-background-color has-text-color has-background has-link-color wp-elements-88d6fe8ff463ee37358227228e20198d\"><button aria-expanded=\"false\" aria-controls=\"accordion-item-3-panel\" data-wp-bind--aria-expanded=\"state.isOpen\" data-wp-on--click=\"actions.toggle\" data-wp-on--keydown=\"actions.handleKeyDown\" id=\"accordion-item-3\" type=\"button\" class=\"wp-block-accordion-heading__toggle\" style=\"padding-top:var(--wp--preset--spacing--40);padding-right:var(--wp--preset--spacing--40);padding-bottom:var(--wp--preset--spacing--40);padding-left:var(--wp--preset--spacing--40)\"><span class=\"wp-block-accordion-heading__toggle-icon\" aria-hidden=\"true\">+<\/span><span class=\"wp-block-accordion-heading__toggle-title\">Projektabrechnung<\/span><\/button><\/h3>\n\n\n\n<div inert aria-labelledby=\"accordion-item-3\" data-wp-bind--inert=\"!state.isOpen\" id=\"accordion-item-3-panel\" role=\"region\" class=\"wp-block-accordion-panel is-layout-flow wp-block-accordion-panel-is-layout-flow\" style=\"border-top-style:none;border-top-width:0px;border-right-style:none;border-right-width:0px;border-bottom-color:var(--wp--preset--color--palette-color-1);border-bottom-width:1px;border-left-style:none;border-left-width:0px;padding-top:var(--wp--preset--spacing--50);padding-right:0;padding-bottom:var(--wp--preset--spacing--50);padding-left:0\">\n<p>Als gemeinn\u00fctzige Stiftung ist Umverteilen! steuerbefreit und muss \u00fcber die Verwendung der Mittel gegen\u00fcber den Finanzbeh\u00f6rden Rechenschaft ablegen. Daher muss jedes gef\u00f6rderte Projekt die erhaltenen Mittel gegen\u00fcber der Stiftung mit einem ausf\u00fchrlichen Bericht sowie einer Finanzabrechnung einschlie\u00dflich der entsprechenden Ausgabenbelege abrechnen.<br>Wir erwarten den Bericht und die Abrechnung sp\u00e4testens drei Monate nach Abschluss des Projekts. \u00c4nderungen der Projektlaufzeit und Verz\u00f6gerungen sind m\u00f6glich und sollten zeitnah kommuniziert werden.<br>Wir verzichten auf Vorgaben f\u00fcr den inhaltlichen Bericht, lediglich f\u00fcr einen kurzen einseitigen Bericht haben wir ein Formular.<br>Auch f\u00fcr den Finanzbericht geben wir keine Formulare vor. W\u00fcnschenswert ist eine Einnahmen-Ausgaben-Rechnung in Tabellenformat, der die vorgelegten Ausgabenbelege zugeordnet werden k\u00f6nnen.<br>Eine Ausnahme sind projektgebundene Spenden: Hier reicht eine Spendenbescheinigung des zahlungsempfangenden Vereins, ein Kurzbericht \u00fcber das durchgef\u00fchrte Projekt ist w\u00fcnschenswert.<\/p>\n<\/div>\n<\/div>\n<\/div>\n\n\n\n<div class=\"wp-block-essential-blocks-text  root-eb-text-gsc3c\" id=\"projektbeispiele\"><div class=\"eb-parent-wrapper eb-parent-eb-text-gsc3c\"><div class=\"eb-text-wrapper eb-text-gsc3c\" data-id=\"eb-text-gsc3c\"><h2 class=\"eb-text\">Projektbeispiele<\/h2><\/div><\/div><\/div>\n\n\n\n<div class=\"wp-block-essential-blocks-text  root-eb-text-ohlv7\"><div class=\"eb-parent-wrapper eb-parent-eb-text-ohlv7\"><div class=\"eb-text-wrapper eb-text-ohlv7\" data-id=\"eb-text-ohlv7\"><p class=\"eb-text\">F\u00f6rderprojekte der Stiftung<\/p><\/div><\/div><\/div>\n\n\n<div class=\"map_wrapper\" id=\"map_wrapper_1514\">\n<div class=\"map_box\" style=\"max-width:2000px\">\n<div class=\"map_aspect_ratio\" style=\"padding-top:56%\" data-padding-top=\"56%\" data-padding-top-mobile=\"0%\">\n<div class=\"map_container\">\n<div class=\"map_render map_loading\" id=\"map_1514\"><\/div>\n<\/div>\n<\/div>\n<\/div>\n<\/div>","protected":false},"excerpt":{"rendered":"","protected":false},"author":3,"featured_media":0,"parent":0,"menu_order":13,"comment_status":"closed","ping_status":"closed","template":"","meta":{"_acf_changed":false,"_eb_attr":"","footnotes":""},"class_list":["post-692","page","type-page","status-publish","hentry"],"blocksy_meta":{"styles_descriptor":{"styles":{"desktop":"","tablet":"","mobile":""},"google_fonts":[],"version":6},"page_title_panel":"","has_hero_section":"default","294979639cc4286d28eae158a43f7c26":"","hero_section":"type-1","hero_elements":[{"id":"custom_title","enabled":true,"heading_tag":"h1","title":"Home"},{"id":"custom_description","enabled":true,"description_visibility":{"desktop":true,"tablet":true,"mobile":false}},{"id":"custom_meta","enabled":false,"meta_elements":[{"id":"author","enabled":true,"label":"By","has_author_avatar":"yes","avatar_size":25},{"id":"post_date","enabled":true,"label":"On","date_format_source":"default","date_format":"M j, Y"},{"id":"updated_date","enabled":false,"label":"On","date_format_source":"default","date_format":"M j, Y"},{"id":"categories","enabled":false,"label":"In","style":"simple"},{"id":"comments","enabled":true}],"page_meta_elements":{"joined":true,"articles_count":true,"comments":true}},{"id":"breadcrumbs","enabled":false}],"f795a2c8e66fb0c250759672a0f1fc4d":"","hero_alignment1":"CT_CSS_SKIP_RULE","hero_margin":40,"hero_alignment2":"center","hero_vertical_alignment":"center","224af4523163a59eacb4a1d275a3bf87":"","hero_structure":"narrow","6f6f64ffae7cd08881ad205e1eb06834":"","page_title_bg_type":"featured_image","custom_hero_background":{"attachment_id":null},"parallax":{"desktop":false,"tablet":false,"mobile":false},"7f36a2d4f5b0303e619ebae4d72a9ccb":"","hero_height":"250px","pageTitleFont":{"family":"Default","variation":"Default","size":"30px","line-height":"CT_CSS_SKIP_RULE","letter-spacing":"CT_CSS_SKIP_RULE","text-transform":"CT_CSS_SKIP_RULE","text-decoration":"CT_CSS_SKIP_RULE"},"pageTitleFontColor":{"default":{"color":"CT_CSS_SKIP_RULEDEFAULT"}},"pageMetaFont":{"family":"Default","variation":"n6","size":"12px","line-height":"1.3","letter-spacing":"CT_CSS_SKIP_RULE","text-transform":"uppercase","text-decoration":"CT_CSS_SKIP_RULE"},"pageMetaFontColor":{"default":{"color":"CT_CSS_SKIP_RULEDEFAULT"},"hover":{"color":"CT_CSS_SKIP_RULEDEFAULT"}},"page_meta_button_type_font_colors":{"default":{"color":"CT_CSS_SKIP_RULEDEFAULT"},"hover":{"color":"CT_CSS_SKIP_RULEDEFAULT"}},"page_meta_button_type_background_colors":{"default":{"color":"CT_CSS_SKIP_RULEDEFAULT"},"hover":{"color":"CT_CSS_SKIP_RULEDEFAULT"}},"pageExcerptFont":{"family":"Default","variation":"Default","size":"CT_CSS_SKIP_RULE","line-height":"CT_CSS_SKIP_RULE","letter-spacing":"CT_CSS_SKIP_RULE","text-transform":"CT_CSS_SKIP_RULE","text-decoration":"CT_CSS_SKIP_RULE"},"pageExcerptColor":{"default":{"color":"CT_CSS_SKIP_RULEDEFAULT"}},"breadcrumbsFont":{"family":"Default","variation":"Default","size":"CT_CSS_SKIP_RULE","line-height":"CT_CSS_SKIP_RULE","letter-spacing":"CT_CSS_SKIP_RULE","text-transform":"CT_CSS_SKIP_RULE","text-decoration":"CT_CSS_SKIP_RULE"},"breadcrumbsFontColor":{"default":{"color":"CT_CSS_SKIP_RULEDEFAULT"},"initial":{"color":"CT_CSS_SKIP_RULEDEFAULT"},"hover":{"color":"CT_CSS_SKIP_RULEDEFAULT"}},"pageTitleOverlay":{"background_type":"color","background_pattern":"type-1","background_image":{"attachment_id":null,"x":0,"y":0},"gradient":"linear-gradient(135deg,rgba(6,147,227,1) 0%,rgb(155,81,224) 100%)","background_repeat":"repeat","background_size":"auto","background_attachment":"scroll","patternColor":{"default":{"color":"#e5e7ea"}},"overlayColor":{"default":{"color":"CT_CSS_SKIP_RULE"}},"backgroundColor":{"default":{"color":"CT_CSS_SKIP_RULE"}}},"pageTitleBackground":{"background_type":"color","background_pattern":"type-1","background_image":{"attachment_id":null,"x":0,"y":0},"gradient":"linear-gradient(135deg,rgba(6,147,227,1) 0%,rgb(155,81,224) 100%)","background_repeat":"repeat","background_size":"auto","background_attachment":"scroll","patternColor":{"default":{"color":"#e5e7ea"}},"overlayColor":{"default":{"color":"CT_CSS_SKIP_RULE"}},"backgroundColor":{"default":{"color":"var(--theme-palette-color-6)"}}},"pageTitlePadding":{"top":"50px","bottom":"50px","left":"auto","right":"auto","linked":true},"ecb05450eb56f8c06b73e9fbf72614df":"","page_structure_type":"default","e7aa1f7981176862d4333be841e9d951":"","content_style_source":"inherit","content_style":"wide","vertical_spacing_source":"inherit","content_area_spacing":"top","background":{"background_type":"color","background_pattern":"type-1","background_image":{"attachment_id":null,"x":0,"y":0},"gradient":"linear-gradient(135deg,rgba(6,147,227,1) 0%,rgb(155,81,224) 100%)","background_repeat":"repeat","background_size":"auto","background_attachment":"scroll","patternColor":{"default":{"color":"#e5e7ea"}},"overlayColor":{"default":{"color":"CT_CSS_SKIP_RULE"}},"backgroundColor":{"default":{"color":"CT_CSS_SKIP_RULE"}}},"content_background":{"background_type":"color","background_pattern":"type-1","background_image":{"attachment_id":null,"x":0,"y":0},"gradient":"linear-gradient(135deg,rgba(6,147,227,1) 0%,rgb(155,81,224) 100%)","background_repeat":"repeat","background_size":"auto","background_attachment":"scroll","patternColor":{"default":{"color":"#e5e7ea"}},"overlayColor":{"default":{"color":"CT_CSS_SKIP_RULE"}},"backgroundColor":{"default":{"color":"var(--theme-palette-color-8)"}}},"content_boxed_shadow":{"inherit":false,"blur":18,"spread":-6,"v_offset":12,"h_offset":0,"inset":false,"enable":true,"color":{"color":"rgba(34, 56, 101, 0.04)"}},"boxed_content_spacing":{"desktop":{"top":"40px","bottom":"40px","left":"40px","right":"40px","linked":true},"tablet":{"top":"35px","bottom":"35px","left":"35px","right":"35px","linked":true},"mobile":{"top":"20px","bottom":"20px","left":"20px","right":"20px","linked":true}},"content_boxed_radius":{"top":"3px","bottom":"3px","left":"3px","right":"3px","linked":true},"a2b24154c7f352ae218f2cf40c3fb3f9":"","disable_featured_image":"no","disable_share_box":"no","disable_header":"no","disable_footer":"no"},"acf":[],"_links":{"self":[{"href":"https:\/\/umverteilen.cwdevserver.de\/pt\/wp-json\/wp\/v2\/pages\/692","targetHints":{"allow":["GET"]}}],"collection":[{"href":"https:\/\/umverteilen.cwdevserver.de\/pt\/wp-json\/wp\/v2\/pages"}],"about":[{"href":"https:\/\/umverteilen.cwdevserver.de\/pt\/wp-json\/wp\/v2\/types\/page"}],"author":[{"embeddable":true,"href":"https:\/\/umverteilen.cwdevserver.de\/pt\/wp-json\/wp\/v2\/users\/3"}],"replies":[{"embeddable":true,"href":"https:\/\/umverteilen.cwdevserver.de\/pt\/wp-json\/wp\/v2\/comments?post=692"}],"version-history":[{"count":152,"href":"https:\/\/umverteilen.cwdevserver.de\/pt\/wp-json\/wp\/v2\/pages\/692\/revisions"}],"predecessor-version":[{"id":3990,"href":"https:\/\/umverteilen.cwdevserver.de\/pt\/wp-json\/wp\/v2\/pages\/692\/revisions\/3990"}],"wp:attachment":[{"href":"https:\/\/umverteilen.cwdevserver.de\/pt\/wp-json\/wp\/v2\/media?parent=692"}],"curies":[{"name":"wp","href":"https:\/\/api.w.org\/{rel}","templated":true}]}}