{"id":636,"date":"2022-03-17T16:27:03","date_gmt":"2022-03-17T16:27:03","guid":{"rendered":"https:\/\/startersites.io\/stagingsix\/?page_id=636"},"modified":"2026-04-10T19:14:58","modified_gmt":"2026-04-10T17:14:58","slug":"wer-wir-sind","status":"publish","type":"page","link":"https:\/\/umverteilen.cwdevserver.de\/pt\/wer-wir-sind\/","title":{"rendered":"Wer wir sind"},"content":{"rendered":"<h2>Struktur<\/h2>\n<p>In unserer Stiftung sind etwa f\u00fcnfzig Menschen t\u00e4tig, die auf verschiedenen Ebenen (Arbeitsgruppe, Stiftungsrat, Vorstand) f\u00fcr alle Entscheidungen zust\u00e4ndig sind. Sie machen das nicht hauptberuflich und sie werden f\u00fcr diese Arbeit nicht bezahlt. Deshalb kann es\u00a0 l\u00e4nger dauern, bis Antr\u00e4ge gepr\u00fcft sind und Entscheidungen getroffen werden. Daf\u00fcr geht es bei uns meist wenig b\u00fcrokratisch zu.<\/p>\n<p>Zwei Angestellte (Entlohnung nach TV\u00f6D) sorgen f\u00fcr die Umsetzung der Entscheidungen, k\u00fcmmern sich um Abwicklung, Verwaltung, Buchhaltung, Kommunikation. Die Stiftung unterh\u00e4lt eigene R\u00e4ume in Berlin-Sch\u00f6neberg mit geregelten B\u00fcrozeiten (siehe Kontakt). Der Kontakt zu den Arbeitsgruppen oder den Stiftungsgremien l\u00e4uft nur \u00fcber unser B\u00fcro.<\/p>\n\n\n<div data-wp-context=\"{ &quot;autoclose&quot;: true, &quot;accordionItems&quot;: [] }\" data-wp-interactive=\"core\/accordion\" role=\"group\" class=\"wp-block-accordion is-layout-flow wp-block-accordion-is-layout-flow\">\n<div data-wp-class--is-open=\"state.isOpen\" data-wp-context=\"{ &quot;id&quot;: &quot;accordion-item-1&quot;, &quot;openByDefault&quot;: false }\" data-wp-init=\"callbacks.initAccordionItems\" data-wp-on-window--hashchange=\"callbacks.hashChange\" class=\"wp-block-accordion-item is-layout-flow wp-block-accordion-item-is-layout-flow\">\n<h3 id=\"arbeitsgruppen\" class=\"wp-block-accordion-heading has-palette-color-6-background-color has-background\"><button aria-expanded=\"false\" aria-controls=\"accordion-item-1-panel\" data-wp-bind--aria-expanded=\"state.isOpen\" data-wp-on--click=\"actions.toggle\" data-wp-on--keydown=\"actions.handleKeyDown\" id=\"accordion-item-1\" type=\"button\" class=\"wp-block-accordion-heading__toggle\"><span class=\"wp-block-accordion-heading__toggle-icon\" aria-hidden=\"true\">+<\/span><span class=\"wp-block-accordion-heading__toggle-title\"><strong>Arbeitsgruppen<\/strong><\/span><\/button><\/h3>\n\n\n\n<div inert aria-labelledby=\"accordion-item-1\" data-wp-bind--inert=\"!state.isOpen\" id=\"accordion-item-1-panel\" role=\"region\" class=\"wp-block-accordion-panel is-layout-flow wp-block-accordion-panel-is-layout-flow\">\n<p>Es gibt sechs Arbeitsgruppen mit je etwa sechs bis zw\u00f6lf Mitgliedern, die jeweils eigenst\u00e4ndig \u00fcber einen Etat verf\u00fcgen, den sie im Einklang mit dem Stiftungszweck nach den von ihnen entwickelten Kriterien vergeben k\u00f6nnen. Die AGs treffen sich in regelm\u00e4\u00dfigen Abst\u00e4nden und entscheiden \u00fcber eingehende Antr\u00e4ge oder eigene Projekte. Sie sind daf\u00fcr verantwortlich, dass die Gelder satzungsgem\u00e4\u00df vergeben, die entsprechenden Belege abgerechnet und die erforderlichen Berichte abgegeben werden. Gelder, die bis zum Ende eines Kalenderjahres nicht verbraucht oder verplant sind, gehen in den gemeinsamen Etat des folgenden Jahres.<\/p>\n<p>Die Arbeitsgruppen unterscheiden sich nicht nur durch unterschiedliche Aufgabenbereiche und Zielsetzungen, sondern auch durch unterschiedliche Arbeitsweisen. Jede AG bestimmt selbst, wie sie arbeitet, nach welchen Kriterien Entscheidungen getroffen werden, wer Mitglied sein kann, welche eigenen Projekte sie macht, wer in die Stiftungsgremien entsandt wird.<\/p>\n<p>Die Arbeitsgruppen entsenden je zwei Delegierte in den Stiftungsrat und m\u00fcssen mit je einem Mitglied im Vorstand vertreten sein.<\/p>\n<p>Alle Protokolle, Belege, Berichte sind stiftungsintern \u00f6ffentlich.<\/p>\n<\/div>\n<\/div>\n\n\n\n<div data-wp-class--is-open=\"state.isOpen\" data-wp-context=\"{ &quot;id&quot;: &quot;accordion-item-2&quot;, &quot;openByDefault&quot;: false }\" data-wp-init=\"callbacks.initAccordionItems\" data-wp-on-window--hashchange=\"callbacks.hashChange\" class=\"wp-block-accordion-item is-layout-flow wp-block-accordion-item-is-layout-flow\">\n<h3 id=\"gremien\" class=\"wp-block-accordion-heading has-palette-color-6-background-color has-background\"><button aria-expanded=\"false\" aria-controls=\"accordion-item-2-panel\" data-wp-bind--aria-expanded=\"state.isOpen\" data-wp-on--click=\"actions.toggle\" data-wp-on--keydown=\"actions.handleKeyDown\" id=\"accordion-item-2\" type=\"button\" class=\"wp-block-accordion-heading__toggle\"><span class=\"wp-block-accordion-heading__toggle-icon\" aria-hidden=\"true\">+<\/span><span class=\"wp-block-accordion-heading__toggle-title\"><strong>Gremien<\/strong><\/span><\/button><\/h3>\n\n\n\n<div inert aria-labelledby=\"accordion-item-2\" data-wp-bind--inert=\"!state.isOpen\" id=\"accordion-item-2-panel\" role=\"region\" class=\"wp-block-accordion-panel is-layout-flow wp-block-accordion-panel-is-layout-flow\">\n<h3>Der Stiftungsrat<\/h3>\n<p>Der Stiftungsrat besteht aus ein oder zwei VertreterInnen jeder Arbeitsgruppe. Seine wesentliche Aufgabe besteht darin, die vom Vorstand zugewiesenen Mittel auf die Arbeitsgruppen zu verteilen. In der Regel bekommt jede AG gleich viel. Wenn eine Arbeitsgruppe einen besonderen Bedarf hat, muss sie dies rechtzeitig beantragen.<br \/>Dar\u00fcber hinaus entscheidet der Stiftungsrat \u00fcber die Einrichtung von gemeinsamen Gro\u00dfprojekten oder von ad-hoc Gruppen (siehe Unsere Geschichte | Geldvergabe).<br \/>Und es gibt verschiedene Entscheidungen, (siehe Satzung \u00a7 13), die von Stiftungsrat und Vorstand gemeinsam getroffen werden m\u00fcssen.<br \/>Der Stiftungsrat trifft sich dreimal im Jahr.<\/p>\n<h3>Der Vorstand<\/h3>\n<p>Nur wer Mitglied in einer Arbeitsgruppe ist, kann dem gesch\u00e4ftsf\u00fchrenden Vorstand angeh\u00f6ren. Neue Vorstandsmitglieder werden von den Arbeitsgruppen vorgeschlagen und dann gemeinsam von Vorstand und Stiftungsrat berufen.<\/p>\n<p>Der Vorstand besteht aus sechs Mitgliedern. Nominell hat er eine Vorsitzende samt Stellvertreter, was aber nur im Zusammenhang mit der Vertretung nach au\u00dfen eine Rolle spielt. Intern sind alle Mitglieder des Vorstands gleichberechtigt. Alle Entscheidungen werden zumeist im Konsens getroffen, nicht gegen den ausgesprochenen Willen eines Mitglieds. Es gibt keine Gesch\u00e4ftsordnung. Bei Fragestellungen, die der Vorstand nicht selber kl\u00e4ren kann, werden Experten hinzugezogen.<\/p>\n<p>Der Vorstand trifft sich regelm\u00e4\u00dfig etwa alle sechs Wochen und hat die Aufgabe, das Stiftungsverm\u00f6gen zu verwalten, f\u00fcr die Durchf\u00fchrung von Beschl\u00fcssen zu sorgen, die Arbeitsf\u00e4higkeit der Arbeitsgruppen zu gew\u00e4hrleisten, die Stiftung nach au\u00dfen zu vertreten und einen Wirtschaftsplan zu erstellen.<br \/>Bei der Anlage des Stiftungsverm\u00f6gens gibt es zwei Hauptkriterien: Die Geldanlage muss sicher und au\u00dferdem mit unseren Stiftungszielen vereinbar sein. Letzteres ist nicht so einfach festzulegen und wird immer wieder neu bestimmt.<\/p>\n<p>Wir vergeben Darlehen an Gruppen, k\u00f6nnen das aber nur in einem bestimmten Umfang tun (das betrifft die Anzahl der Darlehen, nicht deren H\u00f6he). Die Darlehen werden meist benutzt, um kollektives Eigentum zu erwerben. Aber wir kaufen auch Grundst\u00fccke und Immobilien, um sie dann Gruppen\/Projekten gegen Pachtzahlung zu \u00fcberlassen. Die NutzerInnen m\u00fcssen aber die jeweilige Immobilie selbst bewirtschaften und verwalten \u2014 wir k\u00f6nnen und wollen das nicht tun. Dass das Eigentum auf diese Weise bei der Stiftung bleibt, halten wir nach wir vor f\u00fcr eine bessere Privatisierung.<\/p>\n<p>Die Bedingungen, zu denen wir Geld verleihen oder eine Erbpacht vergeben, unterscheiden sich nicht wesentlich von denen einer Bank. Wir pr\u00fcfen die Wirtschaftlichkeit eines Projektes und unser Darlehen darf nicht mehr als sechzig Prozent des Grundst\u00fccks- oder Geb\u00e4udewerts betragen. Wir bestehen auf p\u00fcnktlicher Zahlung und Tilgung und scheuen uns nicht davor, das auch juristisch durchzusetzen. Wir sind allerdings auch so flexibel, dass wir auf au\u00dfergew\u00f6hnliche Umst\u00e4nde au\u00dfergew\u00f6hnlich reagieren k\u00f6nnen. Aber nur, wenn wir rechtzeitig informiert und einbezogen werden und unsere Eink\u00fcnfte nicht gef\u00e4hrdet sind.<\/p>\n<p>Ansonsten wird das Geld m\u00f6glichst diversifiziert in Festgeldkonten, festverzinslichen Wertpapieren und Fondsanteilen angelegt.<\/p>\n<p>Wir besitzen ein Mietshaus in Kreuzberg, das wir nicht selbst verwalten. Wir bem\u00fchen uns um angemessene Mieten und eine angemessene Ausstattung und Instandhaltung. Der Ertrag flie\u00dft in die Stiftung. Dar\u00fcber hinaus besitzen wir eine Fabriketage, die wir zur H\u00e4lfte selbst nutzen, die andere H\u00e4lfte ist vermietet.<\/p>\n<p>Gelegentlich bekommen wir Zuwendungen, selten Zustiftungen, wir betreiben aber auch kein aktives Fundraising.<\/p>\n<p>Bisher wurden insgesamt ca. 80 Prozent der \u00dcbersch\u00fcsse aus der Verm\u00f6gensanlage f\u00fcr die Finanzierung der F\u00f6rderprojekte verwendet, der Rest zur St\u00e4rkung des Stiftungsverm\u00f6gens.<br \/>Der Anteil von Zuwendungen, Spenden und Zusch\u00fcssen zur Finanzierung des F\u00f6rderbereichs der Stiftung lag bis 2006 im Durchschnitt bei 15 Prozent, in den letzten Jahren ist er fast ganz weggefallen. Dies bedeutet, dass die Arbeitsgruppenetats inzwischen vollst\u00e4ndig von den Ertr\u00e4gen des Stiftungsverm\u00f6gens abh\u00e4ngig sind: Also von p\u00fcnktlichen Zins- und Pachtzahlungen und leider auch ganz erheblich von den Zinsschwankungen auf dem Kapitalmarkt (siehe Unser Geld).<\/p>\n<p>Im Stiftungsb\u00fcro ist Claudia Spiller f\u00fcr die Vorstandst\u00e4tigkeit zust\u00e4ndig.<\/p>\n<h4>Mitglieder im Vorstand sind:<\/h4>\n<p>Ute Apell (AG Afrika)<br \/>Marly Borges (AG Lateinamerika)<br \/>Kai Rohr\u00dfen (AG Asien)<br \/>Michael Schwartzkopff (AG dritte Welt \u2013 Hier!, AG Klima)<br \/>Hyo Jin Shin (AG Frauen)<\/p>\n<h4>Mitglieder im Stiftungsrat sind:<\/h4>\n<p>J\u00f6rg Longmu\u00df, Sonja von Eichborn (AG Afrika)<br \/>Manuel Domes (AG Asien)<br \/>Christian Russau, Stefan Knauer (AG Lateinamerika)<br \/>Ernst Meyer, Ramona Bornmann (AG dritte Welt \u2013 Hier!)<br \/>Maria Binder, Verena Franke (AG Frauen)<br \/>Juliane Arriens, Katrin Lammers (AG Klima)<\/p>\n<\/div>\n<\/div>\n\n\n\n<div data-wp-class--is-open=\"state.isOpen\" data-wp-context=\"{ &quot;id&quot;: &quot;accordion-item-3&quot;, &quot;openByDefault&quot;: false }\" data-wp-init=\"callbacks.initAccordionItems\" data-wp-on-window--hashchange=\"callbacks.hashChange\" class=\"wp-block-accordion-item is-layout-flow wp-block-accordion-item-is-layout-flow\">\n<h3 id=\"finanzen\" class=\"wp-block-accordion-heading has-palette-color-6-background-color has-background\"><button aria-expanded=\"false\" aria-controls=\"accordion-item-3-panel\" data-wp-bind--aria-expanded=\"state.isOpen\" data-wp-on--click=\"actions.toggle\" data-wp-on--keydown=\"actions.handleKeyDown\" id=\"accordion-item-3\" type=\"button\" class=\"wp-block-accordion-heading__toggle\"><span class=\"wp-block-accordion-heading__toggle-icon\" aria-hidden=\"true\">+<\/span><span class=\"wp-block-accordion-heading__toggle-title\"><strong>Finanzen<\/strong><\/span><\/button><\/h3>\n\n\n\n<div inert aria-labelledby=\"accordion-item-3\" data-wp-bind--inert=\"!state.isOpen\" id=\"accordion-item-3-panel\" role=\"region\" class=\"wp-block-accordion-panel is-layout-flow wp-block-accordion-panel-is-layout-flow\">\n<ul>\n<li>Stiftungsverm\u00f6gen (Gr\u00fcndungsverm\u00f6gen &amp; Zustiftungen)<\/li>\n<li>Geldanlage (Portfolio, Statistik)\n<ul>\n<li>Darlehen\n<ul>\n<li>Hausprojekt 1<\/li>\n<li>Hausprojekt 2<\/li>\n<li>Hausprojekt 3<\/li>\n<li>Hausprojekt 4<\/li>\n<li>Hausprojekt 5 evtl mehr<\/li>\n<\/ul>\n<\/li>\n<li>Immobilien\n<ul>\n<li>Mietsh\u00e4user<br \/>Falckensteinstr.46<br \/>Zehdenicker Str. 21<\/li>\n<li>Erbbaupacht<br \/>Welthaus Bielefeld<br \/>Stilkamm 9 \u00bd<br \/>Silbersteinstr.<br \/>Audr\u00e9 Lorde-STr. 69 \u2013 Martinswerk<br \/>Audr\u00e9- Lorde Str. 29 \u2013 Leben in Kreuzwerk e.V.<\/li>\n<li>Begegnungsst\u00e4tte Afacan<br \/>Hier ist zu kl\u00e4ren, welcher Teil unter Geschichte erscheint und welcher hier.<br \/>Die Begegnungsst\u00e4tte Afacan ist eine jugendherbergs\u00e4hnliche Bildungs- und Begegnungsst\u00e4tte an der t\u00fcrkischen K\u00fcste in der N\u00e4he von Izmir. Die Immobilie geh\u00f6rt und wird betrieben von der t\u00fcrkischen GmbH \u201eErfahren Ltd\u201c. Die Stiftung ist 100%ige Anteilseignerin von \u201eErfahren Ltd\u201c.<\/li>\n<li>Stiftungsb\u00fcro<\/li>\n<li>etc<br \/>Eigentumswhg mit Nie\u00dfbrauch und Leibrente<br \/>Campingplatz Niederfinow<br \/>Welthaus Bielefeld<\/li>\n<\/ul>\n<\/li>\n<\/ul>\n<\/li>\n<\/ul>\n<ul>\n<li>weitere Geldanlagen (Wertpapiere, Tagesgeldkonten)<\/li>\n<li>F\u00f6rderstatistik<\/li>\n<\/ul>\n<\/div>\n<\/div>\n\n\n\n<div data-wp-class--is-open=\"state.isOpen\" data-wp-context=\"{ &quot;id&quot;: &quot;accordion-item-4&quot;, &quot;openByDefault&quot;: false }\" data-wp-init=\"callbacks.initAccordionItems\" data-wp-on-window--hashchange=\"callbacks.hashChange\" class=\"wp-block-accordion-item is-layout-flow wp-block-accordion-item-is-layout-flow\">\n<h3 id=\"geschichte\" class=\"wp-block-accordion-heading has-palette-color-6-background-color has-background\"><button aria-expanded=\"false\" aria-controls=\"accordion-item-4-panel\" data-wp-bind--aria-expanded=\"state.isOpen\" data-wp-on--click=\"actions.toggle\" data-wp-on--keydown=\"actions.handleKeyDown\" id=\"accordion-item-4\" type=\"button\" class=\"wp-block-accordion-heading__toggle\"><span class=\"wp-block-accordion-heading__toggle-icon\" aria-hidden=\"true\">+<\/span><span class=\"wp-block-accordion-heading__toggle-title\"><strong>Geschichte<\/strong><\/span><\/button><\/h3>\n\n\n\n<div inert aria-labelledby=\"accordion-item-4\" data-wp-bind--inert=\"!state.isOpen\" id=\"accordion-item-4-panel\" role=\"region\" class=\"wp-block-accordion-panel is-layout-flow wp-block-accordion-panel-is-layout-flow\">\n<ul>\n<li>Gr\u00fcndung\n<ul>\n<li>Stifter<\/li>\n<li>xxx<\/li>\n<li>yyy<\/li>\n<\/ul>\n<\/li>\n<li>Geschichte der AGs<\/li>\n<\/ul>\n<\/div>\n<\/div>\n\n\n\n<div data-wp-class--is-open=\"state.isOpen\" data-wp-context=\"{ &quot;id&quot;: &quot;accordion-item-5&quot;, &quot;openByDefault&quot;: false }\" data-wp-init=\"callbacks.initAccordionItems\" data-wp-on-window--hashchange=\"callbacks.hashChange\" class=\"wp-block-accordion-item is-layout-flow wp-block-accordion-item-is-layout-flow\">\n<h3 id=\"mitgliedschaften\" class=\"wp-block-accordion-heading has-palette-color-6-background-color has-background\"><button aria-expanded=\"false\" aria-controls=\"accordion-item-5-panel\" data-wp-bind--aria-expanded=\"state.isOpen\" data-wp-on--click=\"actions.toggle\" data-wp-on--keydown=\"actions.handleKeyDown\" id=\"accordion-item-5\" type=\"button\" class=\"wp-block-accordion-heading__toggle\"><span class=\"wp-block-accordion-heading__toggle-icon\" aria-hidden=\"true\">+<\/span><span class=\"wp-block-accordion-heading__toggle-title\"><strong>MitgliEdschaften<\/strong><\/span><\/button><\/h3>\n\n\n\n<div inert aria-labelledby=\"accordion-item-5\" data-wp-bind--inert=\"!state.isOpen\" id=\"accordion-item-5-panel\" role=\"region\" class=\"wp-block-accordion-panel is-layout-flow wp-block-accordion-panel-is-layout-flow\">\n<ul>\n<li>Wandelstiften<\/li>\n<li>BER<\/li>\n<li>attac<\/li>\n<li>buko<\/li>\n<li>Asyl in der Kirche Berlin-Brandenburg e.V.<\/li>\n<\/ul>\n<\/div>\n<\/div>\n<\/div>","protected":false},"excerpt":{"rendered":"<p>Struktur In unserer Stiftung sind etwa f\u00fcnfzig Menschen t\u00e4tig, die auf verschiedenen Ebenen (Arbeitsgruppe, Stiftungsrat, Vorstand) f\u00fcr alle Entscheidungen zust\u00e4ndig sind. Sie machen das nicht hauptberuflich und sie werden f\u00fcr diese Arbeit nicht bezahlt. Deshalb kann es\u00a0 l\u00e4nger dauern, bis Antr\u00e4ge gepr\u00fcft sind und Entscheidungen getroffen werden. Daf\u00fcr geht es bei uns meist wenig b\u00fcrokratisch [&hellip;]<\/p>\n","protected":false},"author":3,"featured_media":0,"parent":0,"menu_order":14,"comment_status":"closed","ping_status":"closed","template":"","meta":{"_acf_changed":false,"_eb_attr":"","footnotes":""},"class_list":["post-636","page","type-page","status-publish","hentry"],"blocksy_meta":{"page_title_panel":"","has_hero_section":"default","4c9fda44a86fd2db9b986554bd5adacc":"","hero_section":"type-1","hero_elements":[{"id":"custom_title","enabled":true,"heading_tag":"h1","title":"Home"},{"id":"custom_description","enabled":true,"description_visibility":{"desktop":true,"tablet":true,"mobile":false}},{"id":"custom_meta","enabled":false,"meta_elements":[{"id":"author","enabled":true,"label":"By","has_author_avatar":"yes","avatar_size":25},{"id":"post_date","enabled":true,"label":"On","date_format_source":"default","date_format":"M j, Y"},{"id":"updated_date","enabled":false,"label":"On","date_format_source":"default","date_format":"M j, Y"},{"id":"categories","enabled":false,"label":"In","style":"simple"},{"id":"comments","enabled":true}],"page_meta_elements":{"joined":true,"articles_count":true,"comments":true}},{"id":"breadcrumbs","enabled":false}],"66042b754988433a4cbe987eedc3ae87":"","hero_alignment1":"CT_CSS_SKIP_RULE","hero_margin":40,"hero_alignment2":"center","hero_vertical_alignment":"center","66b1c9575babd2492d521cdab8aeeeb8":"","hero_structure":"narrow","a4866dd9086b283ac9c9ed661667191f":"","page_title_bg_type":"featured_image","custom_hero_background":{"attachment_id":null},"parallax":{"desktop":false,"tablet":false,"mobile":false},"00191fa96e3391c316bf3a007888aea4":"","hero_height":"250px","pageTitleFont":{"family":"Default","variation":"Default","size":"30px","line-height":"CT_CSS_SKIP_RULE","letter-spacing":"CT_CSS_SKIP_RULE","text-transform":"CT_CSS_SKIP_RULE","text-decoration":"CT_CSS_SKIP_RULE"},"pageTitleFontColor":{"default":{"color":"CT_CSS_SKIP_RULEDEFAULT"}},"pageMetaFont":{"family":"Default","variation":"n6","size":"12px","line-height":"1.3","letter-spacing":"CT_CSS_SKIP_RULE","text-transform":"uppercase","text-decoration":"CT_CSS_SKIP_RULE"},"pageMetaFontColor":{"default":{"color":"CT_CSS_SKIP_RULEDEFAULT"},"hover":{"color":"CT_CSS_SKIP_RULEDEFAULT"}},"page_meta_button_type_font_colors":{"default":{"color":"CT_CSS_SKIP_RULEDEFAULT"},"hover":{"color":"CT_CSS_SKIP_RULEDEFAULT"}},"page_meta_button_type_background_colors":{"default":{"color":"CT_CSS_SKIP_RULEDEFAULT"},"hover":{"color":"CT_CSS_SKIP_RULEDEFAULT"}},"pageExcerptFont":{"family":"Default","variation":"Default","size":"CT_CSS_SKIP_RULE","line-height":"CT_CSS_SKIP_RULE","letter-spacing":"CT_CSS_SKIP_RULE","text-transform":"CT_CSS_SKIP_RULE","text-decoration":"CT_CSS_SKIP_RULE"},"pageExcerptColor":{"default":{"color":"CT_CSS_SKIP_RULEDEFAULT"}},"breadcrumbsFont":{"family":"Default","variation":"Default","size":"CT_CSS_SKIP_RULE","line-height":"CT_CSS_SKIP_RULE","letter-spacing":"CT_CSS_SKIP_RULE","text-transform":"CT_CSS_SKIP_RULE","text-decoration":"CT_CSS_SKIP_RULE"},"breadcrumbsFontColor":{"default":{"color":"CT_CSS_SKIP_RULEDEFAULT"},"initial":{"color":"CT_CSS_SKIP_RULEDEFAULT"},"hover":{"color":"CT_CSS_SKIP_RULEDEFAULT"}},"pageTitleOverlay":{"background_type":"color","background_pattern":"type-1","background_image":{"attachment_id":null,"x":0,"y":0},"gradient":"linear-gradient(135deg,rgba(6,147,227,1) 0%,rgb(155,81,224) 100%)","background_repeat":"repeat","background_size":"auto","background_attachment":"scroll","patternColor":{"default":{"color":"#e5e7ea"}},"overlayColor":{"default":{"color":"CT_CSS_SKIP_RULE"}},"backgroundColor":{"default":{"color":"CT_CSS_SKIP_RULE"}}},"pageTitleBackground":{"background_type":"color","background_pattern":"type-1","background_image":{"attachment_id":null,"x":0,"y":0},"gradient":"linear-gradient(135deg,rgba(6,147,227,1) 0%,rgb(155,81,224) 100%)","background_repeat":"repeat","background_size":"auto","background_attachment":"scroll","patternColor":{"default":{"color":"#e5e7ea"}},"overlayColor":{"default":{"color":"CT_CSS_SKIP_RULE"}},"backgroundColor":{"default":{"color":"var(--theme-palette-color-6)"}}},"pageTitlePadding":{"top":"50px","bottom":"50px","left":"auto","right":"auto","linked":true},"a3b0907b6ab61faa63e2bc8f813fc816":"","page_structure_type":"default","2812c2d977791092646ebe1ec21f2cc9":"","content_style_source":"inherit","content_style":"wide","vertical_spacing_source":"inherit","content_area_spacing":"top","background":{"background_type":"color","background_pattern":"type-1","background_image":{"attachment_id":null,"x":0,"y":0},"gradient":"linear-gradient(135deg,rgba(6,147,227,1) 0%,rgb(155,81,224) 100%)","background_repeat":"repeat","background_size":"auto","background_attachment":"scroll","patternColor":{"default":{"color":"#e5e7ea"}},"overlayColor":{"default":{"color":"CT_CSS_SKIP_RULE"}},"backgroundColor":{"default":{"color":"CT_CSS_SKIP_RULE"}}},"content_background":{"background_type":"color","background_pattern":"type-1","background_image":{"attachment_id":null,"x":0,"y":0},"gradient":"linear-gradient(135deg,rgba(6,147,227,1) 0%,rgb(155,81,224) 100%)","background_repeat":"repeat","background_size":"auto","background_attachment":"scroll","patternColor":{"default":{"color":"#e5e7ea"}},"overlayColor":{"default":{"color":"CT_CSS_SKIP_RULE"}},"backgroundColor":{"default":{"color":"var(--theme-palette-color-8)"}}},"content_boxed_shadow":{"inherit":false,"blur":18,"spread":-6,"v_offset":12,"h_offset":0,"inset":false,"enable":true,"color":{"color":"rgba(34, 56, 101, 0.04)"}},"boxed_content_spacing":{"desktop":{"top":"40px","bottom":"40px","left":"40px","right":"40px","linked":true},"tablet":{"top":"35px","bottom":"35px","left":"35px","right":"35px","linked":true},"mobile":{"top":"20px","bottom":"20px","left":"20px","right":"20px","linked":true}},"content_boxed_radius":{"top":"3px","bottom":"3px","left":"3px","right":"3px","linked":true},"556d9b8bfe2e6d516b5f64f92b0da372":"","disable_featured_image":"no","disable_share_box":"no","disable_header":"no","disable_footer":"no","styles_descriptor":{"styles":{"desktop":"","tablet":"","mobile":""},"google_fonts":[],"version":6}},"acf":[],"_links":{"self":[{"href":"https:\/\/umverteilen.cwdevserver.de\/pt\/wp-json\/wp\/v2\/pages\/636","targetHints":{"allow":["GET"]}}],"collection":[{"href":"https:\/\/umverteilen.cwdevserver.de\/pt\/wp-json\/wp\/v2\/pages"}],"about":[{"href":"https:\/\/umverteilen.cwdevserver.de\/pt\/wp-json\/wp\/v2\/types\/page"}],"author":[{"embeddable":true,"href":"https:\/\/umverteilen.cwdevserver.de\/pt\/wp-json\/wp\/v2\/users\/3"}],"replies":[{"embeddable":true,"href":"https:\/\/umverteilen.cwdevserver.de\/pt\/wp-json\/wp\/v2\/comments?post=636"}],"version-history":[{"count":21,"href":"https:\/\/umverteilen.cwdevserver.de\/pt\/wp-json\/wp\/v2\/pages\/636\/revisions"}],"predecessor-version":[{"id":3989,"href":"https:\/\/umverteilen.cwdevserver.de\/pt\/wp-json\/wp\/v2\/pages\/636\/revisions\/3989"}],"wp:attachment":[{"href":"https:\/\/umverteilen.cwdevserver.de\/pt\/wp-json\/wp\/v2\/media?parent=636"}],"curies":[{"name":"wp","href":"https:\/\/api.w.org\/{rel}","templated":true}]}}