{"id":1075,"date":"2025-09-18T15:54:34","date_gmt":"2025-09-18T13:54:34","guid":{"rendered":"https:\/\/stiftung-umverteilen.studioadhoc.de\/?page_id=1075"},"modified":"2026-04-10T19:28:41","modified_gmt":"2026-04-10T17:28:41","slug":"ag-asien","status":"publish","type":"page","link":"https:\/\/umverteilen.cwdevserver.de\/pt\/ag-asien\/","title":{"rendered":"AG Asien"},"content":{"rendered":"<h2>\u00dcber uns<\/h2>\n<p><strong>Mehr als Tigerbalsam<\/strong><br \/>Die 1988 gegr\u00fcndete AG Asien unterst\u00fctzt Projekte von sozialen Bewegungen, Basisinitiativen und Aktionsgruppen in Ost-, S\u00fcdost- und S\u00fcdasien. In geringem Umfang werden auch in Europa asienbezogene Projekte von Migrant:innen sowie in der Bildungs- und \u00d6ffentlichkeitsarbeit gef\u00f6rdert.<\/p>\n<p>Ziel der AG Asien ist es, zur Befreiung von politischer, sozialer, wirtschaftlicher, rassistischer und sexistischer Unterdr\u00fcckung beizutragen. Bevorzugt unterst\u00fctzt werden Projekte, die bei anderen Institutionen wenig Aussicht auf F\u00f6rderung haben, weil sie entweder vom Umfang her zu klein, politisch zu brisant oder vom Ansatz her zu ungew\u00f6hnlich sind. Dabei versucht die AG Asien, flexibel auf Entwicklungen, Umbr\u00fcche und Krisen in Asien und Europa zu reagieren.<br \/>Die AG Asien f\u00f6rdert Projekte in den Bereichen Bildung, Kultur, \u00d6ffentlichkeitsarbeit, Gesundheit, \u00d6kologie, wirtschaftliche Selbsthilfe, S\u00fcd-S\u00fcd Austausch, St\u00e4rkung der Organisationsf\u00e4higkeit von Gruppen sowie Lobby-, Advocacy- und Menschenrechtsarbeit.<\/p>\n<p>Die Projekte sollten m\u00f6glichst in einen politischen Zusammenhang eingebunden sein und einen Eigenanteil enthalten, der nicht finanzieller Art sein muss. Besonders ber\u00fccksichtigt werden die Interessen von Frauen.<br \/>Die zur Zeit vier Mitglieder der AG Asien treffen sich alle vier bis sechs Wochen.<\/p>\n<h2>Antragstellung<\/h2>\n<p>Bitte vor Antragstellung unbedingt die allgemeinen Informationen, die f\u00fcr alle Arbeitsgruppen gelten, lesen!<\/p>\n<p><strong>Antragsrichtlinien<\/strong><br \/>Antr\u00e4ge an die AG Asien bed\u00fcrfen der Schriftform. Tischvorlagen und nur m\u00fcndlich vorgebrachte Antr\u00e4ge werden nicht bearbeitet.<\/p>\n<p>Antr\u00e4ge m\u00fcssen folgende Angaben enthalten:<\/p>\n<ul>\n<li>Name der antragstellenden Gruppe mit Adresse, Ansprechpartner:in, Datum und Unterschrift<\/li>\n<li>Selbstdarstellung der Gruppe<\/li>\n<li>Beschreibung der Ziele, Zielgruppen und Inhalte des Vorhabens<\/li>\n<li>Aufschl\u00fcsselung der Gesamtkosten und der beantragten Summe<\/li>\n<li>Aufstellung eines Finanzierungsplans einschlie\u00dflich Eigenanteil und Fremdmittel<\/li>\n<li>Angaben dar\u00fcber, welche anderen Geldgeber angefragt wurden bzw. warum sie nicht gefragt wurden<\/li>\n<\/ul>\n<p><strong>Entscheidungsverfahren<\/strong><br \/>Die AG Asien beauftragt ein Mitglied mit der Bearbeitung des Antrags. Dies betrifft vor allem die Kl\u00e4rung noch offener Fragen, Stellungnahmen zur \u00dcbereinstimmung des Projektes mit den Kriterien der AG sowie eine Beschlussempfehlung.<\/p>\n<p>Die AG bem\u00fcht sich, die Entscheidung nach dem Konsensprinzip zu treffen. Der\/die Bearbeiter:in teilt den Antragsteller:innen die Entscheidung der AG mit, h\u00e4lt bei Bewilligung des Antrags den Kontakt und wertet sp\u00e4ter den Bericht \u00fcber die Verwendung der Mittel aus.<\/p>\n<p><strong>Abrechnung von F\u00f6rdermitteln<\/strong><br \/>Besonderheiten zu Auszahlungsmodalit\u00e4ten\/Abrechnung<\/p>\n<h3>F\u00f6rderprojekte der AG Asien<\/h3>\n\n<div class=\"map_wrapper\" id=\"map_wrapper_1217\">\n<div class=\"map_box\" style=\"max-width:2000px\">\n<div class=\"map_aspect_ratio\" style=\"padding-top:56%\" data-padding-top=\"56%\" data-padding-top-mobile=\"0%\">\n<div class=\"map_container\">\n<div class=\"map_render map_loading\" id=\"map_1217\"><\/div>\n<\/div>\n<\/div>\n<\/div>\n<\/div>","protected":false},"excerpt":{"rendered":"<p>\u00dcber uns Mehr als TigerbalsamDie 1988 gegr\u00fcndete AG Asien unterst\u00fctzt Projekte von sozialen Bewegungen, Basisinitiativen und Aktionsgruppen in Ost-, S\u00fcdost- und S\u00fcdasien. In geringem Umfang werden auch in Europa asienbezogene Projekte von Migrant:innen sowie in der Bildungs- und \u00d6ffentlichkeitsarbeit gef\u00f6rdert. Ziel der AG Asien ist es, zur Befreiung von politischer, sozialer, wirtschaftlicher, rassistischer und sexistischer [&hellip;]<\/p>\n","protected":false},"author":3,"featured_media":0,"parent":0,"menu_order":1,"comment_status":"closed","ping_status":"closed","template":"","meta":{"_acf_changed":true,"_eb_attr":"","footnotes":""},"class_list":["post-1075","page","type-page","status-publish","hentry"],"blocksy_meta":{"has_hero_section":"default","styles_descriptor":{"styles":{"desktop":"","tablet":"","mobile":""},"google_fonts":[],"version":6},"vertical_spacing_source":"inherit","content_area_spacing":"top"},"acf":[],"_links":{"self":[{"href":"https:\/\/umverteilen.cwdevserver.de\/pt\/wp-json\/wp\/v2\/pages\/1075","targetHints":{"allow":["GET"]}}],"collection":[{"href":"https:\/\/umverteilen.cwdevserver.de\/pt\/wp-json\/wp\/v2\/pages"}],"about":[{"href":"https:\/\/umverteilen.cwdevserver.de\/pt\/wp-json\/wp\/v2\/types\/page"}],"author":[{"embeddable":true,"href":"https:\/\/umverteilen.cwdevserver.de\/pt\/wp-json\/wp\/v2\/users\/3"}],"replies":[{"embeddable":true,"href":"https:\/\/umverteilen.cwdevserver.de\/pt\/wp-json\/wp\/v2\/comments?post=1075"}],"version-history":[{"count":13,"href":"https:\/\/umverteilen.cwdevserver.de\/pt\/wp-json\/wp\/v2\/pages\/1075\/revisions"}],"predecessor-version":[{"id":4041,"href":"https:\/\/umverteilen.cwdevserver.de\/pt\/wp-json\/wp\/v2\/pages\/1075\/revisions\/4041"}],"wp:attachment":[{"href":"https:\/\/umverteilen.cwdevserver.de\/pt\/wp-json\/wp\/v2\/media?parent=1075"}],"curies":[{"name":"wp","href":"https:\/\/api.w.org\/{rel}","templated":true}]}}